{"id":224,"date":"2023-03-15T11:49:24","date_gmt":"2023-03-15T09:49:24","guid":{"rendered":"https:\/\/somecsl.com\/serveis\/"},"modified":"2024-04-30T18:06:48","modified_gmt":"2024-04-30T16:06:48","slug":"serveis","status":"publish","type":"page","link":"https:\/\/somecsl.com\/ca\/serveis\/","title":{"rendered":"Serveis"},"content":{"rendered":"\t\t<div data-elementor-type=\"wp-page\" data-elementor-id=\"224\" class=\"elementor elementor-224\">\n\t\t\t\t\t\t<section class=\"elementor-section elementor-top-section elementor-element elementor-element-fdf695e elementor-section-boxed elementor-section-height-default elementor-section-height-default\" data-id=\"fdf695e\" data-element_type=\"section\" data-e-type=\"section\">\n\t\t\t\t\t\t<div class=\"elementor-container elementor-column-gap-default\">\n\t\t\t\t\t<div class=\"elementor-column elementor-col-50 elementor-top-column elementor-element elementor-element-91b6160\" data-id=\"91b6160\" data-element_type=\"column\" data-e-type=\"column\">\n\t\t\t<div class=\"elementor-widget-wrap elementor-element-populated\">\n\t\t\t\t\t\t<div class=\"elementor-element elementor-element-e4a74b7 elementor-widget elementor-widget-text-editor\" data-id=\"e4a74b7\" data-element_type=\"widget\" data-e-type=\"widget\" data-widget_type=\"text-editor.default\">\n\t\t\t\t<div class=\"elementor-widget-container\">\n\t\t\t\t\t\t\t\t\t<h3 style=\"text-align: right;\">Necessiteu mecanitzar una o diverses peces? Modificar o millorar alguna m\u00e0quina? T\u00e9 al cap un nou desenvolupament i necessita assessorament expert? Voleu implantar un pla de manteniment preventiu?<\/h3>\t\t\t\t\t\t\t\t<\/div>\n\t\t\t\t<\/div>\n\t\t\t\t\t<\/div>\n\t\t<\/div>\n\t\t\t\t<div class=\"elementor-column elementor-col-50 elementor-top-column elementor-element elementor-element-ec7a078\" data-id=\"ec7a078\" data-element_type=\"column\" data-e-type=\"column\">\n\t\t\t<div class=\"elementor-widget-wrap elementor-element-populated\">\n\t\t\t\t\t\t<div class=\"elementor-element elementor-element-9723f3a elementor-widget elementor-widget-text-editor\" data-id=\"9723f3a\" data-element_type=\"widget\" data-e-type=\"widget\" data-widget_type=\"text-editor.default\">\n\t\t\t\t<div class=\"elementor-widget-container\">\n\t\t\t\t\t\t\t\t\t<p>A SOMEC SL posem a la vostra disposici\u00f3 la nostra experi\u00e8ncia i mitjans, podeu confiar-nos des de l&#8217;assessorament en el disseny i la producci\u00f3 fins a la instal\u00b7laci\u00f3, posada en marxa i manteniment dels vostres projectes,<\/p><p>La tranquil\u00b7litat de lexperi\u00e8ncia de m\u00e9s de 30 anys de serveis professionals.<\/p>\t\t\t\t\t\t\t\t<\/div>\n\t\t\t\t<\/div>\n\t\t\t\t\t<\/div>\n\t\t<\/div>\n\t\t\t\t\t<\/div>\n\t\t<\/section>\n\t\t\t\t<section class=\"elementor-section elementor-top-section elementor-element elementor-element-c492bdc elementor-section-boxed elementor-section-height-default elementor-section-height-default\" data-id=\"c492bdc\" data-element_type=\"section\" data-e-type=\"section\">\n\t\t\t\t\t\t<div class=\"elementor-container elementor-column-gap-default\">\n\t\t\t\t\t<div class=\"elementor-column elementor-col-100 elementor-top-column elementor-element elementor-element-60dacc7\" data-id=\"60dacc7\" data-element_type=\"column\" data-e-type=\"column\">\n\t\t\t<div class=\"elementor-widget-wrap elementor-element-populated\">\n\t\t\t\t\t\t<div class=\"elementor-element elementor-element-49b51f9 elementor-widget elementor-widget-spacer\" data-id=\"49b51f9\" data-element_type=\"widget\" data-e-type=\"widget\" data-widget_type=\"spacer.default\">\n\t\t\t\t<div class=\"elementor-widget-container\">\n\t\t\t\t\t\t\t<div class=\"elementor-spacer\">\n\t\t\t<div class=\"elementor-spacer-inner\"><\/div>\n\t\t<\/div>\n\t\t\t\t\t\t<\/div>\n\t\t\t\t<\/div>\n\t\t\t\t\t<\/div>\n\t\t<\/div>\n\t\t\t\t\t<\/div>\n\t\t<\/section>\n\t\t\t\t<section class=\"elementor-section elementor-top-section elementor-element elementor-element-df148b3 elementor-section-boxed elementor-section-height-default elementor-section-height-default\" data-id=\"df148b3\" data-element_type=\"section\" data-e-type=\"section\">\n\t\t\t\t\t\t\t<div class=\"elementor-background-overlay\"><\/div>\n\t\t\t\t\t\t\t<div class=\"elementor-container elementor-column-gap-default\">\n\t\t\t\t\t<div class=\"elementor-column elementor-col-50 elementor-top-column elementor-element elementor-element-fa0128e\" data-id=\"fa0128e\" data-element_type=\"column\" data-e-type=\"column\">\n\t\t\t<div class=\"elementor-widget-wrap elementor-element-populated\">\n\t\t\t\t\t\t<div class=\"elementor-element elementor-element-c4a7adf elementor-widget elementor-widget-image\" data-id=\"c4a7adf\" data-element_type=\"widget\" data-e-type=\"widget\" data-widget_type=\"image.default\">\n\t\t\t\t<div class=\"elementor-widget-container\">\n\t\t\t\t\t\t\t\t\t\t\t\t\t\t\t<img fetchpriority=\"high\" decoding=\"async\" width=\"640\" height=\"304\" src=\"https:\/\/somecsl.com\/wp-content\/uploads\/slider2\/IMG_6813-rotated.jpeg\" class=\"attachment-large size-large wp-image-85\" alt=\"\" srcset=\"https:\/\/somecsl.com\/wp-content\/uploads\/slider2\/IMG_6813-rotated.jpeg 640w, https:\/\/somecsl.com\/wp-content\/uploads\/slider2\/IMG_6813-300x143.jpeg 300w\" sizes=\"(max-width: 640px) 100vw, 640px\" \/>\t\t\t\t\t\t\t\t\t\t\t\t\t\t\t<\/div>\n\t\t\t\t<\/div>\n\t\t\t\t\t<\/div>\n\t\t<\/div>\n\t\t\t\t<div class=\"elementor-column elementor-col-50 elementor-top-column elementor-element elementor-element-09a6c1e\" data-id=\"09a6c1e\" data-element_type=\"column\" data-e-type=\"column\">\n\t\t\t<div class=\"elementor-widget-wrap elementor-element-populated\">\n\t\t\t\t\t\t<div class=\"elementor-element elementor-element-0995028 elementor-widget elementor-widget-text-editor\" data-id=\"0995028\" data-element_type=\"widget\" data-e-type=\"widget\" data-widget_type=\"text-editor.default\">\n\t\t\t\t<div class=\"elementor-widget-container\">\n\t\t\t\t\t\t\t\t\t<h2>MECANITZATS<\/h2>\nMecanitzem diferents materials en torns convencionals, fresadores, fresadores CNC, forats&#8230; mecanitzat de peces d&#8217;alta precisi\u00f3 mitjan\u00e7ant control num\u00e8ric.\n\nSi ho desitgeu, ens ocupem tota la cadena de producci\u00f3 fins al lliurament: estudi, projecte, disseny i fabricaci\u00f3 de petites, mitjanes i grans s\u00e8ries.\n<p style=\"padding-left: 40px;\">Alumini<\/p>\n<p style=\"padding-left: 40px;\">Acer inoxidable<\/p>\n<p style=\"padding-left: 40px;\">Pl\u00e0stics refor\u00e7ats<\/p>\n<p style=\"padding-left: 40px;\">Aliatge de coure<\/p>\n<p style=\"padding-left: 40px;\">Ferro\u2026<\/p>\t\t\t\t\t\t\t\t<\/div>\n\t\t\t\t<\/div>\n\t\t\t\t\t<\/div>\n\t\t<\/div>\n\t\t\t\t\t<\/div>\n\t\t<\/section>\n\t\t\t\t<section class=\"elementor-section elementor-top-section elementor-element elementor-element-ac509b5 elementor-section-boxed elementor-section-height-default elementor-section-height-default\" data-id=\"ac509b5\" data-element_type=\"section\" data-e-type=\"section\">\n\t\t\t\t\t\t<div class=\"elementor-container elementor-column-gap-default\">\n\t\t\t\t\t<div class=\"elementor-column elementor-col-100 elementor-top-column elementor-element elementor-element-bfe6c29\" data-id=\"bfe6c29\" data-element_type=\"column\" data-e-type=\"column\">\n\t\t\t<div class=\"elementor-widget-wrap elementor-element-populated\">\n\t\t\t\t\t\t<div class=\"elementor-element elementor-element-bd7f33c elementor-widget elementor-widget-spacer\" data-id=\"bd7f33c\" data-element_type=\"widget\" data-e-type=\"widget\" data-widget_type=\"spacer.default\">\n\t\t\t\t<div class=\"elementor-widget-container\">\n\t\t\t\t\t\t\t<div class=\"elementor-spacer\">\n\t\t\t<div class=\"elementor-spacer-inner\"><\/div>\n\t\t<\/div>\n\t\t\t\t\t\t<\/div>\n\t\t\t\t<\/div>\n\t\t\t\t\t<\/div>\n\t\t<\/div>\n\t\t\t\t\t<\/div>\n\t\t<\/section>\n\t\t\t\t<section class=\"elementor-section elementor-top-section elementor-element elementor-element-313a604 elementor-section-boxed elementor-section-height-default elementor-section-height-default\" data-id=\"313a604\" data-element_type=\"section\" data-e-type=\"section\">\n\t\t\t\t\t\t<div class=\"elementor-container elementor-column-gap-default\">\n\t\t\t\t\t<div class=\"elementor-column elementor-col-50 elementor-top-column elementor-element elementor-element-a90531f\" data-id=\"a90531f\" data-element_type=\"column\" data-e-type=\"column\">\n\t\t\t<div class=\"elementor-widget-wrap elementor-element-populated\">\n\t\t\t\t\t\t<div class=\"elementor-element elementor-element-d646ab6 elementor-widget__width-initial elementor-widget elementor-widget-text-editor\" data-id=\"d646ab6\" data-element_type=\"widget\" data-e-type=\"widget\" data-widget_type=\"text-editor.default\">\n\t\t\t\t<div class=\"elementor-widget-container\">\n\t\t\t\t\t\t\t\t\t<h2>ELECTROEROSI\u00d3 PER FIL<\/h2><p>L&#8217;electro-erosi\u00f3 \u00e9s un proc\u00e9s de fabricaci\u00f3 tamb\u00e9 conegut com a mecanitzat per desc\u00e0rrega el\u00e8ctrica.<\/p><p>El proc\u00e9s d&#8217;electroerosi\u00f3 consisteix en la generaci\u00f3 d&#8217;un arc el\u00e8ctric entre una pe\u00e7a i un el\u00e8ctrode en un medi diel\u00e8ctric per arrencar part\u00edcules de la pe\u00e7a fins a aconseguir reproduir-hi les formes desitjades.<\/p><p>Amb aquest m\u00e8tode desenvolupem peces de gran complexitat amb la tecnologia CNC.<\/p><p>Avantatges del proc\u00e9s d&#8217;electroerosi\u00f3:<\/p><p style=\"padding-left: 40px;\">No generar forces de tall es pot aplicar a materials fr\u00e0gils.<\/p><p style=\"padding-left: 40px;\">Permet perforacions molt inclinades en superf\u00edcies corbes de petit di\u00e0metre i gran profunditat<\/p><p style=\"padding-left: 40px;\">Com que \u00e9s un proc\u00e9s t\u00e8rmic, es pot treballar qualsevol material conductor<\/p><p style=\"padding-left: 40px;\">Les toler\u00e0ncies molt ajustades, amb precisi\u00f3 de fins a 1 micres<\/p><p style=\"padding-left: 40px;\">\u00c9s un proc\u00e9s de fabricaci\u00f3 idoni per a formes geom\u00e8triques complexes.<\/p>\t\t\t\t\t\t\t\t<\/div>\n\t\t\t\t<\/div>\n\t\t\t\t\t<\/div>\n\t\t<\/div>\n\t\t\t\t<div class=\"elementor-column elementor-col-50 elementor-top-column elementor-element elementor-element-287ea11\" data-id=\"287ea11\" data-element_type=\"column\" data-e-type=\"column\">\n\t\t\t<div class=\"elementor-widget-wrap elementor-element-populated\">\n\t\t\t\t\t\t<div class=\"elementor-element elementor-element-f5fec40 elementor-widget elementor-widget-image\" data-id=\"f5fec40\" data-element_type=\"widget\" data-e-type=\"widget\" data-widget_type=\"image.default\">\n\t\t\t\t<div class=\"elementor-widget-container\">\n\t\t\t\t\t\t\t\t\t\t\t\t\t\t\t<img decoding=\"async\" width=\"640\" height=\"480\" src=\"https:\/\/somecsl.com\/wp-content\/uploads\/2023\/06\/RobofilFull.jpg\" class=\"attachment-large size-large wp-image-99\" alt=\"\" srcset=\"https:\/\/somecsl.com\/wp-content\/uploads\/2023\/06\/RobofilFull.jpg 640w, https:\/\/somecsl.com\/wp-content\/uploads\/2023\/06\/RobofilFull-300x225.jpg 300w\" sizes=\"(max-width: 640px) 100vw, 640px\" \/>\t\t\t\t\t\t\t\t\t\t\t\t\t\t\t<\/div>\n\t\t\t\t<\/div>\n\t\t\t\t\t<\/div>\n\t\t<\/div>\n\t\t\t\t\t<\/div>\n\t\t<\/section>\n\t\t\t\t<section class=\"elementor-section elementor-top-section elementor-element elementor-element-b14faa5 elementor-section-boxed elementor-section-height-default elementor-section-height-default\" data-id=\"b14faa5\" data-element_type=\"section\" data-e-type=\"section\">\n\t\t\t\t\t\t<div class=\"elementor-container elementor-column-gap-default\">\n\t\t\t\t\t<div class=\"elementor-column elementor-col-100 elementor-top-column elementor-element elementor-element-7f3f3e8\" data-id=\"7f3f3e8\" data-element_type=\"column\" data-e-type=\"column\">\n\t\t\t<div class=\"elementor-widget-wrap elementor-element-populated\">\n\t\t\t\t\t\t<div class=\"elementor-element elementor-element-5e46d80 elementor-widget elementor-widget-spacer\" data-id=\"5e46d80\" data-element_type=\"widget\" data-e-type=\"widget\" data-widget_type=\"spacer.default\">\n\t\t\t\t<div class=\"elementor-widget-container\">\n\t\t\t\t\t\t\t<div class=\"elementor-spacer\">\n\t\t\t<div class=\"elementor-spacer-inner\"><\/div>\n\t\t<\/div>\n\t\t\t\t\t\t<\/div>\n\t\t\t\t<\/div>\n\t\t\t\t\t<\/div>\n\t\t<\/div>\n\t\t\t\t\t<\/div>\n\t\t<\/section>\n\t\t\t\t<section class=\"elementor-section elementor-top-section elementor-element elementor-element-36277d0 elementor-section-boxed elementor-section-height-default elementor-section-height-default\" data-id=\"36277d0\" data-element_type=\"section\" data-e-type=\"section\">\n\t\t\t\t\t\t<div class=\"elementor-container elementor-column-gap-default\">\n\t\t\t\t\t<div class=\"elementor-column elementor-col-50 elementor-top-column elementor-element elementor-element-3b4a1bb\" data-id=\"3b4a1bb\" data-element_type=\"column\" data-e-type=\"column\">\n\t\t\t<div class=\"elementor-widget-wrap elementor-element-populated\">\n\t\t\t\t\t\t<div class=\"elementor-element elementor-element-92c8255 elementor-widget elementor-widget-image\" data-id=\"92c8255\" data-element_type=\"widget\" data-e-type=\"widget\" data-widget_type=\"image.default\">\n\t\t\t\t<div class=\"elementor-widget-container\">\n\t\t\t\t\t\t\t\t\t\t\t\t\t\t\t<img decoding=\"async\" width=\"476\" height=\"446\" src=\"https:\/\/somecsl.com\/wp-content\/uploads\/2023\/06\/utillajes2.jpg\" class=\"attachment-large size-large wp-image-131\" alt=\"\" srcset=\"https:\/\/somecsl.com\/wp-content\/uploads\/2023\/06\/utillajes2.jpg 476w, https:\/\/somecsl.com\/wp-content\/uploads\/2023\/06\/utillajes2-300x281.jpg 300w\" sizes=\"(max-width: 476px) 100vw, 476px\" \/>\t\t\t\t\t\t\t\t\t\t\t\t\t\t\t<\/div>\n\t\t\t\t<\/div>\n\t\t\t\t\t<\/div>\n\t\t<\/div>\n\t\t\t\t<div class=\"elementor-column elementor-col-50 elementor-top-column elementor-element elementor-element-8ad2253\" data-id=\"8ad2253\" data-element_type=\"column\" data-e-type=\"column\">\n\t\t\t<div class=\"elementor-widget-wrap elementor-element-populated\">\n\t\t\t\t\t\t<div class=\"elementor-element elementor-element-3de1c84 elementor-widget elementor-widget-text-editor\" data-id=\"3de1c84\" data-element_type=\"widget\" data-e-type=\"widget\" data-widget_type=\"text-editor.default\">\n\t\t\t\t<div class=\"elementor-widget-container\">\n\t\t\t\t\t\t\t\t\t<h2>UTILLATGES<\/h2><p>Voleu millorar una m\u00e0quina i necessita suport expert? Se li ha acudit un nou desenvolupament per optimitzar-ne la producci\u00f3? A SOMEC SL trobareu el col\u00b7laborador que esteu buscant, en l&#8217;experi\u00e8ncia del qual podeu confiar. Ens podem ocupar de totes les passades, des de l&#8217;assessorament en el disseny i la producci\u00f3 fins a la instal\u00b7laci\u00f3 tot amb un equilibri perfecte entre qualitat i costos.<\/p><p>Als Utillatges, oferim solucions personalitzades per optimitzar el rendiment industrial i productiu del seu negoci. Ja es tracti de la substituci\u00f3 o millora dels m\u00f2duls existents, o un nou desenvolupament poden confiar en SOMEC SL per fer amb efic\u00e0cia i alta qualitat el disseny, fabricaci\u00f3 i muntatge en un projecte.<\/p>\t\t\t\t\t\t\t\t<\/div>\n\t\t\t\t<\/div>\n\t\t\t\t\t<\/div>\n\t\t<\/div>\n\t\t\t\t\t<\/div>\n\t\t<\/section>\n\t\t\t\t<section class=\"elementor-section elementor-top-section elementor-element elementor-element-1cc6f71 elementor-section-boxed elementor-section-height-default elementor-section-height-default\" data-id=\"1cc6f71\" data-element_type=\"section\" data-e-type=\"section\">\n\t\t\t\t\t\t<div class=\"elementor-container elementor-column-gap-default\">\n\t\t\t\t\t<div class=\"elementor-column elementor-col-100 elementor-top-column elementor-element elementor-element-e748185\" data-id=\"e748185\" data-element_type=\"column\" data-e-type=\"column\">\n\t\t\t<div class=\"elementor-widget-wrap elementor-element-populated\">\n\t\t\t\t\t\t<div class=\"elementor-element elementor-element-17c589a elementor-widget elementor-widget-spacer\" data-id=\"17c589a\" data-element_type=\"widget\" data-e-type=\"widget\" data-widget_type=\"spacer.default\">\n\t\t\t\t<div class=\"elementor-widget-container\">\n\t\t\t\t\t\t\t<div class=\"elementor-spacer\">\n\t\t\t<div class=\"elementor-spacer-inner\"><\/div>\n\t\t<\/div>\n\t\t\t\t\t\t<\/div>\n\t\t\t\t<\/div>\n\t\t\t\t\t<\/div>\n\t\t<\/div>\n\t\t\t\t\t<\/div>\n\t\t<\/section>\n\t\t\t\t<section class=\"elementor-section elementor-top-section elementor-element elementor-element-75235d0 elementor-section-boxed elementor-section-height-default elementor-section-height-default\" data-id=\"75235d0\" data-element_type=\"section\" data-e-type=\"section\">\n\t\t\t\t\t\t<div class=\"elementor-container elementor-column-gap-default\">\n\t\t\t\t\t<div class=\"elementor-column elementor-col-50 elementor-top-column elementor-element elementor-element-3ddf62e\" data-id=\"3ddf62e\" data-element_type=\"column\" data-e-type=\"column\">\n\t\t\t<div class=\"elementor-widget-wrap elementor-element-populated\">\n\t\t\t\t\t\t<div class=\"elementor-element elementor-element-a73d14f elementor-widget elementor-widget-text-editor\" data-id=\"a73d14f\" data-element_type=\"widget\" data-e-type=\"widget\" data-widget_type=\"text-editor.default\">\n\t\t\t\t<div class=\"elementor-widget-container\">\n\t\t\t\t\t\t\t\t\t<h2>MANTENIMENT<\/h2><p>Oferim servei t\u00e8cnic i de manteniment de mec\u00e0nica industrial per a empreses.<\/p><p>Comptem amb els mitjans t\u00e8cnics i humans per solucionar les seves incid\u00e8ncies amb la professionalitat, precisi\u00f3 i promptitud que els nostres clients esperen de nosaltres.<\/p><p>Amb un manteniment professional de la maquin\u00e0ria aconseguim, m\u00e9s interrupcions de producci\u00f3, m\u00e9s qualitat en la producci\u00f3 i acabats, preservar la seguretat dels operaris, evitar reparacions molt costoses, perllongar la vida \u00fatil de la seva maquin\u00e0ria\u2026<\/p><p>El nostre comprom\u00eds \u00e9s donar un servei de qualitat, sense limitar-nos a la resoluci\u00f3 d&#8217;un problema puntual, ja que tamb\u00e9 us podem assessorar per a la prevenci\u00f3 de futures avaries.<\/p>\t\t\t\t\t\t\t\t<\/div>\n\t\t\t\t<\/div>\n\t\t\t\t\t<\/div>\n\t\t<\/div>\n\t\t\t\t<div class=\"elementor-column elementor-col-50 elementor-top-column elementor-element elementor-element-39420d4\" data-id=\"39420d4\" data-element_type=\"column\" data-e-type=\"column\">\n\t\t\t<div class=\"elementor-widget-wrap elementor-element-populated\">\n\t\t\t\t\t\t<div class=\"elementor-element elementor-element-f501926 elementor-widget elementor-widget-image\" data-id=\"f501926\" data-element_type=\"widget\" data-e-type=\"widget\" data-widget_type=\"image.default\">\n\t\t\t\t<div class=\"elementor-widget-container\">\n\t\t\t\t\t\t\t\t\t\t\t\t\t\t\t<img loading=\"lazy\" decoding=\"async\" width=\"480\" height=\"640\" src=\"https:\/\/somecsl.com\/wp-content\/uploads\/2023\/06\/mantenimineto-rotated.jpg\" class=\"attachment-large size-large wp-image-103\" alt=\"\" srcset=\"https:\/\/somecsl.com\/wp-content\/uploads\/2023\/06\/mantenimineto-rotated.jpg 480w, https:\/\/somecsl.com\/wp-content\/uploads\/2023\/06\/mantenimineto-225x300.jpg 225w\" sizes=\"(max-width: 480px) 100vw, 480px\" \/>\t\t\t\t\t\t\t\t\t\t\t\t\t\t\t<\/div>\n\t\t\t\t<\/div>\n\t\t\t\t\t<\/div>\n\t\t<\/div>\n\t\t\t\t\t<\/div>\n\t\t<\/section>\n\t\t\t\t<section class=\"elementor-section elementor-top-section elementor-element elementor-element-ede8cc3 elementor-section-boxed elementor-section-height-default elementor-section-height-default\" data-id=\"ede8cc3\" data-element_type=\"section\" data-e-type=\"section\">\n\t\t\t\t\t\t<div class=\"elementor-container elementor-column-gap-default\">\n\t\t\t\t\t<div class=\"elementor-column elementor-col-100 elementor-top-column elementor-element elementor-element-5eb1ffe\" data-id=\"5eb1ffe\" data-element_type=\"column\" data-e-type=\"column\">\n\t\t\t<div class=\"elementor-widget-wrap elementor-element-populated\">\n\t\t\t\t\t\t<div class=\"elementor-element elementor-element-42977e0 elementor-widget elementor-widget-spacer\" data-id=\"42977e0\" data-element_type=\"widget\" data-e-type=\"widget\" data-widget_type=\"spacer.default\">\n\t\t\t\t<div class=\"elementor-widget-container\">\n\t\t\t\t\t\t\t<div class=\"elementor-spacer\">\n\t\t\t<div class=\"elementor-spacer-inner\"><\/div>\n\t\t<\/div>\n\t\t\t\t\t\t<\/div>\n\t\t\t\t<\/div>\n\t\t\t\t\t<\/div>\n\t\t<\/div>\n\t\t\t\t\t<\/div>\n\t\t<\/section>\n\t\t\t\t<section class=\"elementor-section elementor-top-section elementor-element elementor-element-333e87a elementor-section-boxed elementor-section-height-default elementor-section-height-default\" data-id=\"333e87a\" data-element_type=\"section\" data-e-type=\"section\">\n\t\t\t\t\t\t<div class=\"elementor-container elementor-column-gap-default\">\n\t\t\t\t\t<div class=\"elementor-column elementor-col-50 elementor-top-column elementor-element elementor-element-debe576\" data-id=\"debe576\" data-element_type=\"column\" data-e-type=\"column\">\n\t\t\t<div class=\"elementor-widget-wrap elementor-element-populated\">\n\t\t\t\t\t\t<div class=\"elementor-element elementor-element-53549ec elementor-widget elementor-widget-image\" data-id=\"53549ec\" data-element_type=\"widget\" data-e-type=\"widget\" data-widget_type=\"image.default\">\n\t\t\t\t<div class=\"elementor-widget-container\">\n\t\t\t\t\t\t\t\t\t\t\t\t\t\t\t<img loading=\"lazy\" decoding=\"async\" width=\"1024\" height=\"1024\" src=\"https:\/\/somecsl.com\/wp-content\/uploads\/2023\/06\/PrusaFull-1024x1024.jpg\" class=\"attachment-large size-large wp-image-122\" alt=\"\" srcset=\"https:\/\/somecsl.com\/wp-content\/uploads\/2023\/06\/PrusaFull-1024x1024.jpg 1024w, https:\/\/somecsl.com\/wp-content\/uploads\/2023\/06\/PrusaFull-300x300.jpg 300w, https:\/\/somecsl.com\/wp-content\/uploads\/2023\/06\/PrusaFull-150x150.jpg 150w, https:\/\/somecsl.com\/wp-content\/uploads\/2023\/06\/PrusaFull-768x768.jpg 768w, https:\/\/somecsl.com\/wp-content\/uploads\/2023\/06\/PrusaFull-1536x1536.jpg 1536w, https:\/\/somecsl.com\/wp-content\/uploads\/2023\/06\/PrusaFull.jpg 1868w\" sizes=\"(max-width: 1024px) 100vw, 1024px\" \/>\t\t\t\t\t\t\t\t\t\t\t\t\t\t\t<\/div>\n\t\t\t\t<\/div>\n\t\t\t\t\t<\/div>\n\t\t<\/div>\n\t\t\t\t<div class=\"elementor-column elementor-col-50 elementor-top-column elementor-element elementor-element-5951ee4\" data-id=\"5951ee4\" data-element_type=\"column\" data-e-type=\"column\">\n\t\t\t<div class=\"elementor-widget-wrap elementor-element-populated\">\n\t\t\t\t\t\t<div class=\"elementor-element elementor-element-44b06fb elementor-widget elementor-widget-text-editor\" data-id=\"44b06fb\" data-element_type=\"widget\" data-e-type=\"widget\" data-widget_type=\"text-editor.default\">\n\t\t\t\t<div class=\"elementor-widget-container\">\n\t\t\t\t\t\t\t\t\t<h2>IMPRESSI\u00d3 3D<\/h2>\n<div>\n\nLes impressores 3D s\u00f3n dispositius innovadors que han revolucionat la manera com es creen els prototips. Aquestes m\u00e0quines utilitzen la tecnologia de fabricaci\u00f3 additiva per a construir objectes tridimensionals capa per capa, a partir de models digitals. Els beneficis de les impressores 3D en la generaci\u00f3 de peces de prototip s\u00f3n amplis i significatius.\n\nTreballem amb els seg\u00fcents materials:\n\n<\/div>\n<ul>\n \t<li>PLA<\/li>\n \t<li>TPU<\/li>\n \t<li>PETG<\/li>\n<\/ul>\t\t\t\t\t\t\t\t<\/div>\n\t\t\t\t<\/div>\n\t\t\t\t\t<\/div>\n\t\t<\/div>\n\t\t\t\t\t<\/div>\n\t\t<\/section>\n\t\t\t\t<\/div>\n\t\t","protected":false},"excerpt":{"rendered":"<p>Necessiteu mecanitzar una o diverses peces? Modificar o millorar alguna m\u00e0quina? T\u00e9 al cap un nou desenvolupament i necessita assessorament expert? Voleu implantar un pla de manteniment preventiu? A SOMEC SL posem a la vostra disposici\u00f3 la nostra experi\u00e8ncia i mitjans, podeu confiar-nos des de l&#8217;assessorament en el disseny i la producci\u00f3 fins a la&hellip;<\/p>\n","protected":false},"author":1,"featured_media":0,"parent":0,"menu_order":1,"comment_status":"closed","ping_status":"closed","template":"","meta":{"footnotes":""},"class_list":["post-224","page","type-page","status-publish","hentry"],"_links":{"self":[{"href":"https:\/\/somecsl.com\/ca\/wp-json\/wp\/v2\/pages\/224","targetHints":{"allow":["GET"]}}],"collection":[{"href":"https:\/\/somecsl.com\/ca\/wp-json\/wp\/v2\/pages"}],"about":[{"href":"https:\/\/somecsl.com\/ca\/wp-json\/wp\/v2\/types\/page"}],"author":[{"embeddable":true,"href":"https:\/\/somecsl.com\/ca\/wp-json\/wp\/v2\/users\/1"}],"replies":[{"embeddable":true,"href":"https:\/\/somecsl.com\/ca\/wp-json\/wp\/v2\/comments?post=224"}],"version-history":[{"count":9,"href":"https:\/\/somecsl.com\/ca\/wp-json\/wp\/v2\/pages\/224\/revisions"}],"predecessor-version":[{"id":250,"href":"https:\/\/somecsl.com\/ca\/wp-json\/wp\/v2\/pages\/224\/revisions\/250"}],"wp:attachment":[{"href":"https:\/\/somecsl.com\/ca\/wp-json\/wp\/v2\/media?parent=224"}],"curies":[{"name":"wp","href":"https:\/\/api.w.org\/{rel}","templated":true}]}}