{"id":223,"date":"2023-03-15T11:49:43","date_gmt":"2023-03-15T09:49:43","guid":{"rendered":"https:\/\/somecsl.com\/mitjans\/"},"modified":"2024-04-24T15:21:05","modified_gmt":"2024-04-24T13:21:05","slug":"mitjans","status":"publish","type":"page","link":"https:\/\/somecsl.com\/ca\/mitjans\/","title":{"rendered":"Mitjans"},"content":{"rendered":"\t\t<div data-elementor-type=\"wp-page\" data-elementor-id=\"223\" class=\"elementor elementor-223\">\n\t\t\t\t\t\t<section class=\"elementor-section elementor-top-section elementor-element elementor-element-60f68e1 elementor-section-boxed elementor-section-height-default elementor-section-height-default\" data-id=\"60f68e1\" data-element_type=\"section\" data-e-type=\"section\">\n\t\t\t\t\t\t<div class=\"elementor-container elementor-column-gap-default\">\n\t\t\t\t\t<div class=\"elementor-column elementor-col-50 elementor-top-column elementor-element elementor-element-cffe276\" data-id=\"cffe276\" data-element_type=\"column\" data-e-type=\"column\">\n\t\t\t<div class=\"elementor-widget-wrap elementor-element-populated\">\n\t\t\t\t\t\t<div class=\"elementor-element elementor-element-f316524 elementor-widget elementor-widget-image\" data-id=\"f316524\" data-element_type=\"widget\" data-e-type=\"widget\" data-widget_type=\"image.default\">\n\t\t\t\t<div class=\"elementor-widget-container\">\n\t\t\t\t\t\t\t\t\t\t\t\t\t\t\t<img fetchpriority=\"high\" decoding=\"async\" width=\"480\" height=\"413\" src=\"https:\/\/somecsl.com\/wp-content\/uploads\/2023\/06\/DMCFull.jpg\" class=\"attachment-large size-large wp-image-107\" alt=\"\" srcset=\"https:\/\/somecsl.com\/wp-content\/uploads\/2023\/06\/DMCFull.jpg 480w, https:\/\/somecsl.com\/wp-content\/uploads\/2023\/06\/DMCFull-300x258.jpg 300w\" sizes=\"(max-width: 480px) 100vw, 480px\" \/>\t\t\t\t\t\t\t\t\t\t\t\t\t\t\t<\/div>\n\t\t\t\t<\/div>\n\t\t\t\t\t<\/div>\n\t\t<\/div>\n\t\t\t\t<div class=\"elementor-column elementor-col-50 elementor-top-column elementor-element elementor-element-2d73a65\" data-id=\"2d73a65\" data-element_type=\"column\" data-e-type=\"column\">\n\t\t\t<div class=\"elementor-widget-wrap elementor-element-populated\">\n\t\t\t\t\t\t<div class=\"elementor-element elementor-element-fbb68c6 elementor-widget elementor-widget-text-editor\" data-id=\"fbb68c6\" data-element_type=\"widget\" data-e-type=\"widget\" data-widget_type=\"text-editor.default\">\n\t\t\t\t<div class=\"elementor-widget-container\">\n\t\t\t\t\t\t\t\t\t<h3><b>CNC DMG MORI DMC 850V<\/b><\/h3><ul><li>M\u00e0x. recorregut X &#8211; 850 mm<\/li><li>M\u00e0x. recorregut Y &#8211; 520 mm<\/li><li>M\u00e0x. recorregut Z &#8211; 475 mm<\/li><\/ul>\t\t\t\t\t\t\t\t<\/div>\n\t\t\t\t<\/div>\n\t\t\t\t\t<\/div>\n\t\t<\/div>\n\t\t\t\t\t<\/div>\n\t\t<\/section>\n\t\t\t\t<section class=\"elementor-section elementor-top-section elementor-element elementor-element-958802b elementor-section-boxed elementor-section-height-default elementor-section-height-default\" data-id=\"958802b\" data-element_type=\"section\" data-e-type=\"section\">\n\t\t\t\t\t\t<div class=\"elementor-container elementor-column-gap-default\">\n\t\t\t\t\t<div class=\"elementor-column elementor-col-50 elementor-top-column elementor-element elementor-element-901ee3f\" data-id=\"901ee3f\" data-element_type=\"column\" data-e-type=\"column\">\n\t\t\t<div class=\"elementor-widget-wrap elementor-element-populated\">\n\t\t\t\t\t\t<div class=\"elementor-element elementor-element-c5e43ee elementor-widget elementor-widget-image\" data-id=\"c5e43ee\" data-element_type=\"widget\" data-e-type=\"widget\" data-widget_type=\"image.default\">\n\t\t\t\t<div class=\"elementor-widget-container\">\n\t\t\t\t\t\t\t\t\t\t\t\t\t\t\t<img decoding=\"async\" width=\"800\" height=\"600\" src=\"https:\/\/somecsl.com\/wp-content\/uploads\/2023\/06\/103vFull.jpg\" class=\"attachment-large size-large wp-image-108\" alt=\"\" srcset=\"https:\/\/somecsl.com\/wp-content\/uploads\/2023\/06\/103vFull.jpg 800w, https:\/\/somecsl.com\/wp-content\/uploads\/2023\/06\/103vFull-300x225.jpg 300w, https:\/\/somecsl.com\/wp-content\/uploads\/2023\/06\/103vFull-768x576.jpg 768w\" sizes=\"(max-width: 800px) 100vw, 800px\" \/>\t\t\t\t\t\t\t\t\t\t\t\t\t\t\t<\/div>\n\t\t\t\t<\/div>\n\t\t\t\t\t<\/div>\n\t\t<\/div>\n\t\t\t\t<div class=\"elementor-column elementor-col-50 elementor-top-column elementor-element elementor-element-7b699db\" data-id=\"7b699db\" data-element_type=\"column\" data-e-type=\"column\">\n\t\t\t<div class=\"elementor-widget-wrap elementor-element-populated\">\n\t\t\t\t\t\t<div class=\"elementor-element elementor-element-029988a elementor-widget elementor-widget-text-editor\" data-id=\"029988a\" data-element_type=\"widget\" data-e-type=\"widget\" data-widget_type=\"text-editor.default\">\n\t\t\t\t<div class=\"elementor-widget-container\">\n\t\t\t\t\t\t\t\t\t<h3><b>CNC DMC 103v<\/b><\/h3><p>Recorregut eix x: 1000 mm<\/p><ul><li>For\u00e7a d&#8217;ava\u00e7ament eix x: 6000 n<\/li><li>Avan\u00e7ament r\u00e0pid eix x: 30 m\/min<\/li><li>Recorregut eix y: 600 mm<\/li><li>For\u00e7a d&#8217;ana\u00e7ament eix y: 6000 n<\/li><li>Avan\u00e7 r\u00e0pid eje y: 30 m\/min<\/li><li>Recorregut eix z: 600 mm<\/li><li>For\u00e7a d&#8217;ava\u00e7ament eix z: 6000 n<\/li><li>Avan\u00e7ament r\u00e0pid eix z: 30 m\/min<\/li><\/ul>\t\t\t\t\t\t\t\t<\/div>\n\t\t\t\t<\/div>\n\t\t\t\t\t<\/div>\n\t\t<\/div>\n\t\t\t\t\t<\/div>\n\t\t<\/section>\n\t\t\t\t<section class=\"elementor-section elementor-top-section elementor-element elementor-element-a86d317 elementor-section-boxed elementor-section-height-default elementor-section-height-default\" data-id=\"a86d317\" data-element_type=\"section\" data-e-type=\"section\">\n\t\t\t\t\t\t<div class=\"elementor-container elementor-column-gap-default\">\n\t\t\t\t\t<div class=\"elementor-column elementor-col-50 elementor-top-column elementor-element elementor-element-40fccdd\" data-id=\"40fccdd\" data-element_type=\"column\" data-e-type=\"column\">\n\t\t\t<div class=\"elementor-widget-wrap elementor-element-populated\">\n\t\t\t\t\t\t<div class=\"elementor-element elementor-element-8e40100 elementor-widget elementor-widget-image\" data-id=\"8e40100\" data-element_type=\"widget\" data-e-type=\"widget\" data-widget_type=\"image.default\">\n\t\t\t\t<div class=\"elementor-widget-container\">\n\t\t\t\t\t\t\t\t\t\t\t\t\t\t\t<img decoding=\"async\" width=\"640\" height=\"480\" src=\"https:\/\/somecsl.com\/wp-content\/uploads\/2023\/06\/RobofilFull.jpg\" class=\"attachment-large size-large wp-image-99\" alt=\"\" srcset=\"https:\/\/somecsl.com\/wp-content\/uploads\/2023\/06\/RobofilFull.jpg 640w, https:\/\/somecsl.com\/wp-content\/uploads\/2023\/06\/RobofilFull-300x225.jpg 300w\" sizes=\"(max-width: 640px) 100vw, 640px\" \/>\t\t\t\t\t\t\t\t\t\t\t\t\t\t\t<\/div>\n\t\t\t\t<\/div>\n\t\t\t\t\t<\/div>\n\t\t<\/div>\n\t\t\t\t<div class=\"elementor-column elementor-col-50 elementor-top-column elementor-element elementor-element-bc93f2a\" data-id=\"bc93f2a\" data-element_type=\"column\" data-e-type=\"column\">\n\t\t\t<div class=\"elementor-widget-wrap elementor-element-populated\">\n\t\t\t\t\t\t<div class=\"elementor-element elementor-element-b2a6fc5 elementor-widget elementor-widget-text-editor\" data-id=\"b2a6fc5\" data-element_type=\"widget\" data-e-type=\"widget\" data-widget_type=\"text-editor.default\">\n\t\t\t\t<div class=\"elementor-widget-container\">\n\t\t\t\t\t\t\t\t\t<h3><b>Electro erosi\u00f3 Charmilles Robofil<\/b><\/h3><ul><li>Recorregut eix x: 400 mm<\/li><li>Recorregut eix y: 250 mm<\/li><li>Recorregut eix y: 250 mm<\/li><li>Pe\u00e7a de treball x: 850 mm\u00a0<\/li><li>Pe\u00e7a de treball y: 500 mm<\/li><li>Pe\u00e7a de treball\u00a0z: 200 mm<\/li><li>Pes m\u00e0xim sobre taula: 500 kg<\/li><\/ul>\t\t\t\t\t\t\t\t<\/div>\n\t\t\t\t<\/div>\n\t\t\t\t\t<\/div>\n\t\t<\/div>\n\t\t\t\t\t<\/div>\n\t\t<\/section>\n\t\t\t\t<section class=\"elementor-section elementor-top-section elementor-element elementor-element-ab5d128 elementor-section-boxed elementor-section-height-default elementor-section-height-default\" data-id=\"ab5d128\" data-element_type=\"section\" data-e-type=\"section\">\n\t\t\t\t\t\t<div class=\"elementor-container elementor-column-gap-default\">\n\t\t\t\t\t<div class=\"elementor-column elementor-col-100 elementor-top-column elementor-element elementor-element-b8691d8\" data-id=\"b8691d8\" data-element_type=\"column\" data-e-type=\"column\">\n\t\t\t<div class=\"elementor-widget-wrap elementor-element-populated\">\n\t\t\t\t\t\t<div class=\"elementor-element elementor-element-9949f79 elementor-widget elementor-widget-text-editor\" data-id=\"9949f79\" data-element_type=\"widget\" data-e-type=\"widget\" data-widget_type=\"text-editor.default\">\n\t\t\t\t<div class=\"elementor-widget-container\">\n\t\t\t\t\t\t\t\t\t<h4>Altres mitjans de qu\u00e8 disposem:<\/h4><ul><li>3 torns convencionals de bancades fins als 2500mm<\/li><li>Soldadura per fil<\/li><li>Rectificadora plana<\/li><li>3 Fresadores convencionals de fins a 1500mm i 800mm d&#8217;al\u00e7ada de mecanitzat.<\/li><\/ul><p>.<\/p>\t\t\t\t\t\t\t\t<\/div>\n\t\t\t\t<\/div>\n\t\t\t\t\t<\/div>\n\t\t<\/div>\n\t\t\t\t\t<\/div>\n\t\t<\/section>\n\t\t\t\t<\/div>\n\t\t","protected":false},"excerpt":{"rendered":"<p>CNC DMG MORI DMC 850V M\u00e0x. recorregut X &#8211; 850 mm M\u00e0x. recorregut Y &#8211; 520 mm M\u00e0x. recorregut Z &#8211; 475 mm CNC DMC 103v Recorregut eix x: 1000 mm For\u00e7a d&#8217;ava\u00e7ament eix x: 6000 n Avan\u00e7ament r\u00e0pid eix x: 30 m\/min Recorregut eix y: 600 mm For\u00e7a d&#8217;ana\u00e7ament eix y: 6000 n Avan\u00e7&hellip;<\/p>\n","protected":false},"author":1,"featured_media":0,"parent":0,"menu_order":2,"comment_status":"closed","ping_status":"closed","template":"","meta":{"footnotes":""},"class_list":["post-223","page","type-page","status-publish","hentry"],"_links":{"self":[{"href":"https:\/\/somecsl.com\/ca\/wp-json\/wp\/v2\/pages\/223","targetHints":{"allow":["GET"]}}],"collection":[{"href":"https:\/\/somecsl.com\/ca\/wp-json\/wp\/v2\/pages"}],"about":[{"href":"https:\/\/somecsl.com\/ca\/wp-json\/wp\/v2\/types\/page"}],"author":[{"embeddable":true,"href":"https:\/\/somecsl.com\/ca\/wp-json\/wp\/v2\/users\/1"}],"replies":[{"embeddable":true,"href":"https:\/\/somecsl.com\/ca\/wp-json\/wp\/v2\/comments?post=223"}],"version-history":[{"count":3,"href":"https:\/\/somecsl.com\/ca\/wp-json\/wp\/v2\/pages\/223\/revisions"}],"predecessor-version":[{"id":241,"href":"https:\/\/somecsl.com\/ca\/wp-json\/wp\/v2\/pages\/223\/revisions\/241"}],"wp:attachment":[{"href":"https:\/\/somecsl.com\/ca\/wp-json\/wp\/v2\/media?parent=223"}],"curies":[{"name":"wp","href":"https:\/\/api.w.org\/{rel}","templated":true}]}}