{"id":212,"date":"2023-03-15T11:48:58","date_gmt":"2023-03-15T09:48:58","guid":{"rendered":"https:\/\/somecsl.com\/inici\/"},"modified":"2024-04-24T09:48:49","modified_gmt":"2024-04-24T07:48:49","slug":"inici","status":"publish","type":"page","link":"https:\/\/somecsl.com\/ca\/","title":{"rendered":"Inici"},"content":{"rendered":"\t\t<div data-elementor-type=\"wp-page\" data-elementor-id=\"212\" class=\"elementor elementor-212\">\n\t\t\t\t\t\t<section class=\"elementor-section elementor-top-section elementor-element elementor-element-6770eded elementor-section-boxed elementor-section-height-default elementor-section-height-default\" data-id=\"6770eded\" data-element_type=\"section\" data-e-type=\"section\">\n\t\t\t\t\t\t<div class=\"elementor-container elementor-column-gap-default\">\n\t\t\t\t\t<div class=\"elementor-column elementor-col-100 elementor-top-column elementor-element elementor-element-49b9b6e8\" data-id=\"49b9b6e8\" data-element_type=\"column\" data-e-type=\"column\">\n\t\t\t<div class=\"elementor-widget-wrap elementor-element-populated\">\n\t\t\t\t\t\t<div class=\"elementor-element elementor-element-72ea9d88 elementor-widget elementor-widget-text-editor\" data-id=\"72ea9d88\" data-element_type=\"widget\" data-e-type=\"widget\" data-widget_type=\"text-editor.default\">\n\t\t\t\t<div class=\"elementor-widget-container\">\n\t\t\t\t\t\t\t\t\t\n<p><\/p>\n\n\n\n<p><\/p>\n\t\t\t\t\t\t\t\t<\/div>\n\t\t\t\t<\/div>\n\t\t\t\t\t<\/div>\n\t\t<\/div>\n\t\t\t\t\t<\/div>\n\t\t<\/section>\n\t\t\t\t<section class=\"elementor-section elementor-top-section elementor-element elementor-element-5c26869 elementor-section-boxed elementor-section-height-default elementor-section-height-default\" data-id=\"5c26869\" data-element_type=\"section\" data-e-type=\"section\">\n\t\t\t\t\t\t<div class=\"elementor-container elementor-column-gap-default\">\n\t\t\t\t\t<div class=\"elementor-column elementor-col-100 elementor-top-column elementor-element elementor-element-0057c94\" data-id=\"0057c94\" data-element_type=\"column\" data-e-type=\"column\">\n\t\t\t<div class=\"elementor-widget-wrap elementor-element-populated\">\n\t\t\t\t\t\t<div class=\"elementor-element elementor-element-0103d7a elementor-widget elementor-widget-spacer\" data-id=\"0103d7a\" data-element_type=\"widget\" data-e-type=\"widget\" data-widget_type=\"spacer.default\">\n\t\t\t\t<div class=\"elementor-widget-container\">\n\t\t\t\t\t\t\t<div class=\"elementor-spacer\">\n\t\t\t<div class=\"elementor-spacer-inner\"><\/div>\n\t\t<\/div>\n\t\t\t\t\t\t<\/div>\n\t\t\t\t<\/div>\n\t\t\t\t\t<\/div>\n\t\t<\/div>\n\t\t\t\t\t<\/div>\n\t\t<\/section>\n\t\t\t\t<section class=\"elementor-section elementor-top-section elementor-element elementor-element-598441f elementor-section-boxed elementor-section-height-default elementor-section-height-default\" data-id=\"598441f\" data-element_type=\"section\" data-e-type=\"section\">\n\t\t\t\t\t\t<div class=\"elementor-container elementor-column-gap-default\">\n\t\t\t\t\t<div class=\"elementor-column elementor-col-50 elementor-top-column elementor-element elementor-element-3f14108\" data-id=\"3f14108\" data-element_type=\"column\" data-e-type=\"column\">\n\t\t\t<div class=\"elementor-widget-wrap elementor-element-populated\">\n\t\t\t\t\t\t<div class=\"elementor-element elementor-element-1866682 elementor-widget elementor-widget-text-editor\" data-id=\"1866682\" data-element_type=\"widget\" data-e-type=\"widget\" data-widget_type=\"text-editor.default\">\n\t\t\t\t<div class=\"elementor-widget-container\">\n\t\t\t\t\t\t\t\t\t<h3>A SOMEC SL posem a la vostra disposici\u00f3 la nostra experi\u00e8ncia i mitjans, podeu confiar-nos des de l&#8217;assessorament en el disseny i la producci\u00f3 fins a la instal\u00b7laci\u00f3, posada en marxa i manteniment dels vostres projectes.<\/h3>\n<p>\u00a0<\/p>\n<h3>T\u00e9 una idea per\u00f2 no sap b\u00e9 com executar-la? Els nostres assessors no s\u00f3n comercials, el mateix assessor \u00e9s un programador\/dissenyador professional el qual a l&#8217;acte pot resoldre qualsevol tipus de dubte o aconsellar-lo per optimitzar els seus projectes.<\/h3>\t\t\t\t\t\t\t\t<\/div>\n\t\t\t\t<\/div>\n\t\t\t\t\t<\/div>\n\t\t<\/div>\n\t\t\t\t<div class=\"elementor-column elementor-col-50 elementor-top-column elementor-element elementor-element-ec5c372\" data-id=\"ec5c372\" data-element_type=\"column\" data-e-type=\"column\">\n\t\t\t<div class=\"elementor-widget-wrap elementor-element-populated\">\n\t\t\t\t\t\t<div class=\"elementor-element elementor-element-fbafa0d elementor-widget elementor-widget-image\" data-id=\"fbafa0d\" data-element_type=\"widget\" data-e-type=\"widget\" data-widget_type=\"image.default\">\n\t\t\t\t<div class=\"elementor-widget-container\">\n\t\t\t\t\t\t\t\t\t\t\t\t\t\t\t<img decoding=\"async\" width=\"254\" height=\"130\" src=\"https:\/\/somecsl.com\/wp-content\/uploads\/2023\/07\/Logo23.png\" class=\"attachment-large size-large wp-image-166\" alt=\"\" \/>\t\t\t\t\t\t\t\t\t\t\t\t\t\t\t<\/div>\n\t\t\t\t<\/div>\n\t\t\t\t<div class=\"elementor-element elementor-element-194ca84 elementor-widget elementor-widget-spacer\" data-id=\"194ca84\" data-element_type=\"widget\" data-e-type=\"widget\" data-widget_type=\"spacer.default\">\n\t\t\t\t<div class=\"elementor-widget-container\">\n\t\t\t\t\t\t\t<div class=\"elementor-spacer\">\n\t\t\t<div class=\"elementor-spacer-inner\"><\/div>\n\t\t<\/div>\n\t\t\t\t\t\t<\/div>\n\t\t\t\t<\/div>\n\t\t\t\t<div class=\"elementor-element elementor-element-3c0948b elementor-widget elementor-widget-text-editor\" data-id=\"3c0948b\" data-element_type=\"widget\" data-e-type=\"widget\" data-widget_type=\"text-editor.default\">\n\t\t\t\t<div class=\"elementor-widget-container\">\n\t\t\t\t\t\t\t\t\t<h3>La tranquil\u00b7litat de l&#8217;experi\u00e8ncia de m\u00e9s de 30 anys de serveis professionals treballant en sectors com l&#8217;automoci\u00f3, l&#8217;alimentaci\u00f3, el farmac\u00e8utic, el t\u00e8xtil o la construcci\u00f3.<\/h3>\t\t\t\t\t\t\t\t<\/div>\n\t\t\t\t<\/div>\n\t\t\t\t\t<\/div>\n\t\t<\/div>\n\t\t\t\t\t<\/div>\n\t\t<\/section>\n\t\t\t\t<\/div>\n\t\t","protected":false},"excerpt":{"rendered":"<p>A SOMEC SL posem a la vostra disposici\u00f3 la nostra experi\u00e8ncia i mitjans, podeu confiar-nos des de l&#8217;assessorament en el disseny i la producci\u00f3 fins a la instal\u00b7laci\u00f3, posada en marxa i manteniment dels vostres projectes. \u00a0 T\u00e9 una idea per\u00f2 no sap b\u00e9 com executar-la? Els nostres assessors no s\u00f3n comercials, el mateix assessor&hellip;<\/p>\n","protected":false},"author":1,"featured_media":0,"parent":0,"menu_order":0,"comment_status":"closed","ping_status":"closed","template":"","meta":{"footnotes":""},"class_list":["post-212","page","type-page","status-publish","hentry"],"_links":{"self":[{"href":"https:\/\/somecsl.com\/ca\/wp-json\/wp\/v2\/pages\/212","targetHints":{"allow":["GET"]}}],"collection":[{"href":"https:\/\/somecsl.com\/ca\/wp-json\/wp\/v2\/pages"}],"about":[{"href":"https:\/\/somecsl.com\/ca\/wp-json\/wp\/v2\/types\/page"}],"author":[{"embeddable":true,"href":"https:\/\/somecsl.com\/ca\/wp-json\/wp\/v2\/users\/1"}],"replies":[{"embeddable":true,"href":"https:\/\/somecsl.com\/ca\/wp-json\/wp\/v2\/comments?post=212"}],"version-history":[{"count":4,"href":"https:\/\/somecsl.com\/ca\/wp-json\/wp\/v2\/pages\/212\/revisions"}],"predecessor-version":[{"id":238,"href":"https:\/\/somecsl.com\/ca\/wp-json\/wp\/v2\/pages\/212\/revisions\/238"}],"wp:attachment":[{"href":"https:\/\/somecsl.com\/ca\/wp-json\/wp\/v2\/media?parent=212"}],"curies":[{"name":"wp","href":"https:\/\/api.w.org\/{rel}","templated":true}]}}